{"id":2086,"date":"2023-11-16T09:59:27","date_gmt":"2023-11-16T12:59:27","guid":{"rendered":"https:\/\/issimastore.com\/issimos\/home-6\/"},"modified":"2023-11-16T09:59:27","modified_gmt":"2023-11-16T12:59:27","slug":"home-6","status":"publish","type":"page","link":"https:\/\/issimastore.com\/issimos\/","title":{"rendered":"Home"},"content":{"rendered":"","protected":false},"excerpt":{"rendered":"","protected":false},"author":1,"featured_media":0,"parent":0,"menu_order":0,"comment_status":"closed","ping_status":"closed","template":"elementor_header_footer","meta":{"footnotes":""},"class_list":["post-2086","page","type-page","status-publish","hentry"],"yoast_head":"<!-- This site is optimized with the Yoast SEO plugin v27.2 - https:\/\/yoast.com\/product\/yoast-seo-wordpress\/ -->\n<title>Home - ISSIMA<\/title>\n<meta name=\"robots\" content=\"index, follow, max-snippet:-1, max-image-preview:large, max-video-preview:-1\" \/>\n<link rel=\"canonical\" href=\"https:\/\/issimastore.com\/issimos\/\" \/>\n<meta property=\"og:locale\" content=\"pt_BR\" \/>\n<meta property=\"og:type\" content=\"article\" \/>\n<meta property=\"og:title\" content=\"Home - ISSIMA\" \/>\n<meta property=\"og:url\" content=\"https:\/\/issimastore.com\/issimos\/\" \/>\n<meta property=\"og:site_name\" content=\"ISSIMA\" \/>\n<meta property=\"article:publisher\" content=\"https:\/\/www.facebook.com\/issima.design.decor\" \/>\n<meta name=\"twitter:card\" content=\"summary_large_image\" \/>\n<script type=\"application\/ld+json\" class=\"yoast-schema-graph\">{\"@context\":\"https:\/\/schema.org\",\"@graph\":[{\"@type\":\"WebPage\",\"@id\":\"https:\/\/issimastore.com\/issimos\/\",\"url\":\"https:\/\/issimastore.com\/issimos\/\",\"name\":\"Home - ISSIMA\",\"isPartOf\":{\"@id\":\"https:\/\/issimastore.com\/issimos\/#website\"},\"datePublished\":\"2023-11-16T12:59:27+00:00\",\"breadcrumb\":{\"@id\":\"https:\/\/issimastore.com\/issimos\/#breadcrumb\"},\"inLanguage\":\"pt-BR\",\"potentialAction\":[{\"@type\":\"ReadAction\",\"target\":[\"https:\/\/issimastore.com\/issimos\/\"]}]},{\"@type\":\"BreadcrumbList\",\"@id\":\"https:\/\/issimastore.com\/issimos\/#breadcrumb\",\"itemListElement\":[{\"@type\":\"ListItem\",\"position\":1,\"name\":\"In\u00edcio\",\"item\":\"https:\/\/issimastore.com\/issimos\/\"},{\"@type\":\"ListItem\",\"position\":2,\"name\":\"Home\"}]},{\"@type\":\"WebSite\",\"@id\":\"https:\/\/issimastore.com\/issimos\/#website\",\"url\":\"https:\/\/issimastore.com\/issimos\/\",\"name\":\"Issima Design & Decor\",\"description\":\"Seu projeto pr\u00e1tico, r\u00e1pido e a bom pre\u00e7o!\",\"publisher\":{\"@id\":\"https:\/\/issimastore.com\/issimos\/#organization\"},\"potentialAction\":[{\"@type\":\"SearchAction\",\"target\":{\"@type\":\"EntryPoint\",\"urlTemplate\":\"https:\/\/issimastore.com\/issimos\/?s={search_term_string}\"},\"query-input\":{\"@type\":\"PropertyValueSpecification\",\"valueRequired\":true,\"valueName\":\"search_term_string\"}}],\"inLanguage\":\"pt-BR\"},{\"@type\":\"Organization\",\"@id\":\"https:\/\/issimastore.com\/issimos\/#organization\",\"name\":\"Issima Design & Decor\",\"url\":\"https:\/\/issimastore.com\/issimos\/\",\"logo\":{\"@type\":\"ImageObject\",\"inLanguage\":\"pt-BR\",\"@id\":\"https:\/\/issimastore.com\/issimos\/#\/schema\/logo\/image\/\",\"url\":\"https:\/\/issimastore.com\/issimos\/wp-content\/uploads\/2023\/02\/logotipo_250.png\",\"contentUrl\":\"https:\/\/issimastore.com\/issimos\/wp-content\/uploads\/2023\/02\/logotipo_250.png\",\"width\":250,\"height\":189,\"caption\":\"Issima Design & Decor\"},\"image\":{\"@id\":\"https:\/\/issimastore.com\/issimos\/#\/schema\/logo\/image\/\"},\"sameAs\":[\"https:\/\/www.facebook.com\/issima.design.decor\"]}]}<\/script>\n<!-- \/ Yoast SEO plugin. -->","yoast_head_json":{"title":"Home - ISSIMA","robots":{"index":"index","follow":"follow","max-snippet":"max-snippet:-1","max-image-preview":"max-image-preview:large","max-video-preview":"max-video-preview:-1"},"canonical":"https:\/\/issimastore.com\/issimos\/","og_locale":"pt_BR","og_type":"article","og_title":"Home - ISSIMA","og_url":"https:\/\/issimastore.com\/issimos\/","og_site_name":"ISSIMA","article_publisher":"https:\/\/www.facebook.com\/issima.design.decor","twitter_card":"summary_large_image","schema":{"@context":"https:\/\/schema.org","@graph":[{"@type":"WebPage","@id":"https:\/\/issimastore.com\/issimos\/","url":"https:\/\/issimastore.com\/issimos\/","name":"Home - ISSIMA","isPartOf":{"@id":"https:\/\/issimastore.com\/issimos\/#website"},"datePublished":"2023-11-16T12:59:27+00:00","breadcrumb":{"@id":"https:\/\/issimastore.com\/issimos\/#breadcrumb"},"inLanguage":"pt-BR","potentialAction":[{"@type":"ReadAction","target":["https:\/\/issimastore.com\/issimos\/"]}]},{"@type":"BreadcrumbList","@id":"https:\/\/issimastore.com\/issimos\/#breadcrumb","itemListElement":[{"@type":"ListItem","position":1,"name":"In\u00edcio","item":"https:\/\/issimastore.com\/issimos\/"},{"@type":"ListItem","position":2,"name":"Home"}]},{"@type":"WebSite","@id":"https:\/\/issimastore.com\/issimos\/#website","url":"https:\/\/issimastore.com\/issimos\/","name":"Issima Design & Decor","description":"Seu projeto pr\u00e1tico, r\u00e1pido e a bom pre\u00e7o!","publisher":{"@id":"https:\/\/issimastore.com\/issimos\/#organization"},"potentialAction":[{"@type":"SearchAction","target":{"@type":"EntryPoint","urlTemplate":"https:\/\/issimastore.com\/issimos\/?s={search_term_string}"},"query-input":{"@type":"PropertyValueSpecification","valueRequired":true,"valueName":"search_term_string"}}],"inLanguage":"pt-BR"},{"@type":"Organization","@id":"https:\/\/issimastore.com\/issimos\/#organization","name":"Issima Design & Decor","url":"https:\/\/issimastore.com\/issimos\/","logo":{"@type":"ImageObject","inLanguage":"pt-BR","@id":"https:\/\/issimastore.com\/issimos\/#\/schema\/logo\/image\/","url":"https:\/\/issimastore.com\/issimos\/wp-content\/uploads\/2023\/02\/logotipo_250.png","contentUrl":"https:\/\/issimastore.com\/issimos\/wp-content\/uploads\/2023\/02\/logotipo_250.png","width":250,"height":189,"caption":"Issima Design & Decor"},"image":{"@id":"https:\/\/issimastore.com\/issimos\/#\/schema\/logo\/image\/"},"sameAs":["https:\/\/www.facebook.com\/issima.design.decor"]}]}},"_links":{"self":[{"href":"https:\/\/issimastore.com\/issimos\/wp-json\/wp\/v2\/pages\/2086","targetHints":{"allow":["GET"]}}],"collection":[{"href":"https:\/\/issimastore.com\/issimos\/wp-json\/wp\/v2\/pages"}],"about":[{"href":"https:\/\/issimastore.com\/issimos\/wp-json\/wp\/v2\/types\/page"}],"author":[{"embeddable":true,"href":"https:\/\/issimastore.com\/issimos\/wp-json\/wp\/v2\/users\/1"}],"replies":[{"embeddable":true,"href":"https:\/\/issimastore.com\/issimos\/wp-json\/wp\/v2\/comments?post=2086"}],"version-history":[{"count":2,"href":"https:\/\/issimastore.com\/issimos\/wp-json\/wp\/v2\/pages\/2086\/revisions"}],"predecessor-version":[{"id":2088,"href":"https:\/\/issimastore.com\/issimos\/wp-json\/wp\/v2\/pages\/2086\/revisions\/2088"}],"wp:attachment":[{"href":"https:\/\/issimastore.com\/issimos\/wp-json\/wp\/v2\/media?parent=2086"}],"curies":[{"name":"wp","href":"https:\/\/api.w.org\/{rel}","templated":true}]}}